{"id":9,"date":"2012-07-09T10:46:58","date_gmt":"2012-07-09T09:46:58","guid":{"rendered":"http:\/\/cluster015.ovh.net\/~aptinnov\/wp\/?page_id=9"},"modified":"2018-05-31T12:31:25","modified_gmt":"2018-05-31T10:31:25","slug":"innovation-developpement-durable","status":"publish","type":"page","link":"https:\/\/asso.aptinnov.fr\/?page_id=9","title":{"rendered":"Innovation &#038; d\u00e9veloppement durable"},"content":{"rendered":"<div id=\"yass_top_edge_dummy\" style=\"width: 1px; height: 1px; padding: 0px; margin: -11px 0px 0px; border-width: 0px; display: block;\">&nbsp;<\/div>\n<div id=\"yass_top_edge\" style=\"background-image: url('chrome:\/\/yass\/content\/edgebgtop.png'); background-attachment: scroll; background-position: center bottom; padding: 0px; margin: 0px 0px 0px -372px; border-width: 0px; height: 0px; display: block; width: 1px;\">&nbsp;<\/div>\n<p style=\"margin-top: 10px;\"><a href=\"http:\/\/asso.aptinnov.fr\/wp-content\/uploads\/2014\/11\/eco_think_green_icon.png\"><img loading=\"lazy\" class=\"alignleft wp-image-464 \" src=\"http:\/\/asso.aptinnov.fr\/wp-content\/uploads\/2014\/11\/eco_think_green_icon-300x240.png\" alt=\"InnovDD\" width=\"215\" height=\"172\" srcset=\"https:\/\/asso.aptinnov.fr\/wp-content\/uploads\/2014\/11\/eco_think_green_icon-300x240.png 300w, https:\/\/asso.aptinnov.fr\/wp-content\/uploads\/2014\/11\/eco_think_green_icon-1024x820.png 1024w, https:\/\/asso.aptinnov.fr\/wp-content\/uploads\/2014\/11\/eco_think_green_icon.png 1050w\" sizes=\"(max-width: 215px) 100vw, 215px\" \/><\/a>G\u00e9n\u00e9ralement co-organis\u00e9 avec les \u00e9tudiants de l&rsquo;IUT Hubert Curien d&rsquo;\u00c9pinal, le cycle de conf\u00e9rences vise \u00e0 montrer la place que peuvent occuper les pr\u00e9occupations environnementales, sociales et soci\u00e9tales dans les logiques techniques et \u00e9conomiques de l&rsquo;innovation.<\/p>\n\n<table id=\"tablepress-3\" class=\"tablepress tablepress-id-3\">\n<thead>\n<tr class=\"row-1\">\n\t<th class=\"column-1\">Dates<\/th><th class=\"column-2\">Description<\/th><th class=\"column-3\">Lieu<\/th>\n<\/tr>\n<\/thead>\n<tbody class=\"row-hover\">\n<tr class=\"row-2\">\n\t<td class=\"column-1\">2012<\/td><td class=\"column-2\"><b>La confiance, un levier pour l'innovation<\/b><br><br \/>\r\nEn partenariat avec l'IUT Hubert Curien d'Epinal, le groupe Innovation responsable en lorraine (La Poste)<br><br \/>\r\nInvit\u00e9 : Guy R. Cloutier<br><br \/>\r\n<a href=\"http:\/\/www.innovation-responsable.fr\/uploads\/files\/2012%2001%2026%20-EvenementEpinal_DossierPresse.pdf\">Pr\u00e9sentation d\u00e9taill\u00e9e et programme complet de l'\u00e9v\u00e8nement<\/a><br><br \/>\r\nInvalid shortcode<\/td><td class=\"column-3\">CCI d'Epinal (88)<\/td>\n<\/tr>\n<tr class=\"row-3\">\n\t<td class=\"column-1\">2011<\/td><td class=\"column-2\"><b>Perspectives d'avenir pour la lorraine<\/b><br><br \/>\r\nEn collaboration avec l'IUT Hubert Curien d'Epinal<br><br \/>\r\nInvalid shortcode<\/td><td class=\"column-3\">IUT Hubert Curien, <br>Epinal (88)<\/td>\n<\/tr>\n<\/tbody>\n<\/table>\n<!-- #tablepress-3 from cache -->\n<p><script src=\"chrome:\/\/hdv\/content\/hdv.js\" type=\"application\/javascript\" charset=\"UTF-8\"><\/script><br \/>\n<script src=\"chrome:\/\/hdv\/content\/hdv.js\" type=\"application\/javascript\" charset=\"UTF-8\"><\/script><\/p>\n<div id=\"yass_bottom_edge\" style=\"background-image: url('chrome:\/\/yass\/content\/edgebgbot.png'); background-position: 0px 0px; position: absolute; margin: 0px; padding: 0px; border-width: 0px; height: 0px; left: 0px; top: 0px; width: 100%; display: block;\">&nbsp;<\/div>\n","protected":false},"excerpt":{"rendered":"<p>&nbsp; &nbsp; G\u00e9n\u00e9ralement co-organis\u00e9 avec les \u00e9tudiants de l&rsquo;IUT Hubert Curien d&rsquo;\u00c9pinal, le cycle de conf\u00e9rences vise \u00e0 montrer la place que peuvent occuper les pr\u00e9occupations environnementales, sociales et soci\u00e9tales dans les logiques techniques et \u00e9conomiques de l&rsquo;innovation. &nbsp;<\/p>\n","protected":false},"author":1,"featured_media":0,"parent":82,"menu_order":0,"comment_status":"closed","ping_status":"closed","template":"onecolumn-page.php","meta":{"ngg_post_thumbnail":0},"_links":{"self":[{"href":"https:\/\/asso.aptinnov.fr\/index.php?rest_route=\/wp\/v2\/pages\/9"}],"collection":[{"href":"https:\/\/asso.aptinnov.fr\/index.php?rest_route=\/wp\/v2\/pages"}],"about":[{"href":"https:\/\/asso.aptinnov.fr\/index.php?rest_route=\/wp\/v2\/types\/page"}],"author":[{"embeddable":true,"href":"https:\/\/asso.aptinnov.fr\/index.php?rest_route=\/wp\/v2\/users\/1"}],"replies":[{"embeddable":true,"href":"https:\/\/asso.aptinnov.fr\/index.php?rest_route=%2Fwp%2Fv2%2Fcomments&post=9"}],"version-history":[{"count":19,"href":"https:\/\/asso.aptinnov.fr\/index.php?rest_route=\/wp\/v2\/pages\/9\/revisions"}],"predecessor-version":[{"id":1218,"href":"https:\/\/asso.aptinnov.fr\/index.php?rest_route=\/wp\/v2\/pages\/9\/revisions\/1218"}],"up":[{"embeddable":true,"href":"https:\/\/asso.aptinnov.fr\/index.php?rest_route=\/wp\/v2\/pages\/82"}],"wp:attachment":[{"href":"https:\/\/asso.aptinnov.fr\/index.php?rest_route=%2Fwp%2Fv2%2Fmedia&parent=9"}],"curies":[{"name":"wp","href":"https:\/\/api.w.org\/{rel}","templated":true}]}}