{"id":5,"date":"2012-07-09T10:45:55","date_gmt":"2012-07-09T09:45:55","guid":{"rendered":"http:\/\/cluster015.ovh.net\/~aptinnov\/wp\/?page_id=5"},"modified":"2018-10-24T23:46:05","modified_gmt":"2018-10-24T21:46:05","slug":"lassociation-aptinnov","status":"publish","type":"page","link":"https:\/\/asso.aptinnov.fr\/","title":{"rendered":"AptInnov"},"content":{"rendered":"<div id=\"yass_top_edge_dummy\" style=\"width: 1px; height: 1px; padding: 0px; margin: -11px 0px 0px; border-width: 0px; display: block;\">&nbsp;<\/div>\n<div id=\"yass_top_edge\" style=\"background-image: url('chrome:\/\/yass\/content\/edgebgtop.png'); background-attachment: scroll; background-position: center bottom; padding: 0px; margin: 0px 0px 0px -372px; border-width: 0px; height: 0px; display: block; width: 1384px;\">&nbsp;<\/div>\n<h1 style=\"text-align: justify;\">L&rsquo;association<\/h1>\n<p style=\"text-align: justify;\"><a href=\"http:\/\/asso.aptinnov.fr\/wp-content\/uploads\/2012\/07\/associations-et-entraide-id280.jpg\"><img loading=\"lazy\" class=\"alignright wp-image-280\" title=\"Associations\" src=\"http:\/\/asso.aptinnov.fr\/wp-content\/uploads\/2012\/07\/associations-et-entraide-id280.jpg\" alt=\"Associations\" width=\"277\" height=\"183\"><\/a>L&rsquo;association AptInnov est n\u00e9e au Printemps 2007 de la volont\u00e9 d&rsquo;Universitaires, d&rsquo;Industriels et d&rsquo;Experts dans les domaines de la Qualit\u00e9, du Management et de l&rsquo;Innovation de partager leurs exp\u00e9riences et comp\u00e9tences pour soutenir et stimuler les projets innovants conduits en partenariat.<\/p>\n<p style=\"text-align: justify;\">Son objet principal consiste \u00e0 mener une r\u00e9flexion collective, impliquant b\u00e9n\u00e9volement dirigeants d&rsquo;entreprises, cadres, consultants et universitaires, sur des m\u00e9thodes, des processus et des outils qui favorisent le dialogue, le partage, la communication et la circulation de l\u2019information afin de supporter l&rsquo;innovation au sein des organisations, en particulier des PME-PMI lorraines. Structur\u00e9e autour de trois axes de r\u00e9flexion que sont <em>relations interculturelles<\/em>, <em>d\u00e9veloppement durable<\/em> et <em>technologies de l&rsquo;information<\/em>, l\u2019association s\u2019int\u00e9resse de mani\u00e8re g\u00e9n\u00e9rale, aux actions de valorisation du capital humain dans l&rsquo;innovation et tout particuli\u00e8rement aux actions de renforcement des coop\u00e9rations tant au sein de l\u2019entreprise elle-m\u00eame, qu&rsquo;entre l\u2019entreprise et ses partenaires, notamment universitaires.<\/p>\n<p style=\"text-align: justify;\">Structure associative l\u00e9g\u00e8re, fonctionnant avec ses membres b\u00e9n\u00e9voles actifs, AptInnov accueille tous ceux qui ont le souci de remettre l&rsquo;Homme au c\u0153ur des projets.<\/p>\n<p style=\"text-align: justify;\">&gt;&gt; <a href=\"http:\/\/cluster015.ovh.net\/~aptinnov\/wp\/wp-content\/uploads\/2012\/07\/Statuts_Version2011.pdf\">Consultez les statuts de l&rsquo;association<\/a><\/p>\n<h1 style=\"text-align: justify;\">Nos actions<\/h1>\n<h2 style=\"text-align: justify;\"><a href=\"http:\/\/cluster015.ovh.net\/~aptinnov\/wp\/wp-content\/uploads\/2012\/07\/ArbreAG3.png\"><img loading=\"lazy\" class=\"wp-image-112 alignright\" title=\"Arbre d'AptInnov\" src=\"http:\/\/cluster015.ovh.net\/~aptinnov\/wp\/wp-content\/uploads\/2012\/07\/ArbreAG3.png\" alt=\"\" width=\"345\" height=\"434\" srcset=\"https:\/\/asso.aptinnov.fr\/wp-content\/uploads\/2012\/07\/ArbreAG3.png 397w, https:\/\/asso.aptinnov.fr\/wp-content\/uploads\/2012\/07\/ArbreAG3-238x300.png 238w\" sizes=\"(max-width: 345px) 100vw, 345px\" \/><\/a><\/h2>\n<p style=\"text-align: justify;\">Partant des valeurs fondatrices de l&rsquo;association, trois axes caract\u00e9risent l&rsquo;action des membres de l&rsquo;association. Ces trois axes sont repr\u00e9sent\u00e9s sur l&rsquo;<a title=\"L\u2019Arbre AptInnov\" href=\"http:\/\/cluster015.ovh.net\/~aptinnov\/wp\/?page_id=126\">arbre d&rsquo;AptInnov<\/a>.<\/p>\n<p style=\"text-align: justify;\"><strong>AXE 1 : Les relations interculturelles<\/strong><\/p>\n<p style=\"text-align: justify;\">Axe historique d\u2019AptInnov, cet axe concerne les actions mises en oeuvre afin de d\u00e9velopper une relation juste et \u00e9quitable entre les parties prenantes de projets. Il s\u2019agit d\u2019\u00e9changer sur les m\u00e9thodes, les pratiques et les organisations existantes et d\u2019examiner les axes d\u2019am\u00e9lioration pouvant \u00eatre formul\u00e9s \u00e0 ce sujet.<\/p>\n<p style=\"text-align: justify;\">Les projets et actions suivants prennent pleinement place au sein de cet axe :<\/p>\n<ul>\n<li>Les caf\u00e9s de l\u2019innovation constituent des lieux de rencontres et d\u2019\u00e9changes, favorisant le rapprochement entre individus d\u2019horizons multiples sur la question de l\u2019innovation et de la collaboration ;<\/li>\n<li>La formation\/s\u00e9minaire \u201c<em>Vers une culture de l\u2019innovation<\/em>\u201d vise \u00e0 transmettre les valeurs d\u00e9fendues par AptInnov \u00e0 un public \u00e9tudiant, future g\u00e9n\u00e9ration de professionnels ;<\/li>\n<li>Le projet \u201c<em>Le stagiaire, acteur de l&rsquo;innovation<\/em>\u201d, impliquant des repr\u00e9sentants de l\u2019ensemble des parties concern\u00e9es, pour \u00e9changer sur les pratiques, m\u00e9thodes, organisations existantes et \u00e9tudier des pistes d\u2019am\u00e9lioration du stage en entreprise\u00a0\u00bb.<\/li>\n<\/ul>\n<p style=\"text-align: justify;\"><strong>AXE 2 : Les technologies de l\u2019information et de la communication<\/strong><\/p>\n<p style=\"text-align: justify;\">Devenues incontournables, les TIC peuvent venir en support de la collaboration, mais elles n\u00e9gligent parfois les facteurs humains. La r\u00e9flexion engag\u00e9e sous cet axe est de contribuer \u00e0 l\u2019am\u00e9lioration de la prise en compte de ces facteurs humains afin de rendre l\u2019action des TIC v\u00e9ritablement performante et d\u2019am\u00e9liorer leur appropriation par les utilisateurs.<\/p>\n<p style=\"text-align: justify;\"><strong>AXE 3 : Le d\u00e9veloppement durable<\/strong><\/p>\n<p style=\"text-align: justify;\">Accompagner la mise en place d\u2019une d\u00e9marche DD implique, par d\u00e9finition, d\u2019identifier et de prendre en compte l&rsquo;avis de diff\u00e9rentes parties prenantes ayant des cultures, des enjeux et des objectifs diff\u00e9rents. Il s\u2019agit de probl\u00e9matiques tr\u00e8s proches de celles d\u2019Aptinnov. Par ailleurs, la gouvernance particuli\u00e8re associ\u00e9e aux projets DD (i.e. bas\u00e9e sur la transparence, l\u2019acc\u00e8s \u00e0 l\u2019information et la participation des parties prenantes) devrait permettre d\u2019enrichir les m\u00e9thodologies, m\u00e9thodes et outils issus des axes \u00ab\u00a0Relations interculturelles\u00a0\u00bb et \u00ab\u00a0TIC\u00a0\u00bb .<\/p>\n<p style=\"text-align: justify;\">Cet axe inclus les projets suivants :<\/p>\n<ul>\n<li>Application de notre approche collaborative \u00e0 l&rsquo;\u00e9valuation de la durabilit\u00e9 (ex. : projets de type OCAD) ;<\/li>\n<li>Rapprochement avec des r\u00e9seaux DD (Inddd, Club \u00ab\u00a0Innovation participative et DD\u00a0\u00bb, &#8230;) ;<\/li>\n<li>Annuaire de comp\u00e9tences des acteurs DD et innovation (en lien avec la Lpro PIDDI).<\/li>\n<\/ul>\n<h1 style=\"text-align: justify;\">Administrateurs de l&rsquo;association<\/h1>\n<p style=\"text-align: justify;\">\n<table id=\"tablepress-2\" class=\"tablepress tablepress-id-2\">\n<thead>\n<tr class=\"row-1\">\n\t<th class=\"column-1\">Pr\u00e9nom - NOM<\/th><th class=\"column-2\">Fonction<\/th>\n<\/tr>\n<\/thead>\n<tbody class=\"row-hover\">\n<tr class=\"row-2\">\n\t<td class=\"column-1\">Elise MARCANDELLA<\/td><td class=\"column-2\">Pr\u00e9sidente<\/td>\n<\/tr>\n<tr class=\"row-3\">\n\t<td class=\"column-1\">Jacqueline BLANCHART<\/td><td class=\"column-2\">Pr\u00e9sidente d'honneur<\/td>\n<\/tr>\n<tr class=\"row-4\">\n\t<td class=\"column-1\">Pierre HUMBERT<\/td><td class=\"column-2\">Vice-Pr\u00e9sident (interface universit\u00e9), Webmaster<br \/>\n<\/td>\n<\/tr>\n<tr class=\"row-5\">\n\t<td class=\"column-1\">Bertrand DENIS<\/td><td class=\"column-2\">Vice-Pr\u00e9sident (interface structures d'accompagnement)<br \/>\n<\/td>\n<\/tr>\n<tr class=\"row-6\">\n\t<td class=\"column-1\">Pierre Olivier DALL\u00c9<\/td><td class=\"column-2\">Secr\u00e9taire<\/td>\n<\/tr>\n<tr class=\"row-7\">\n\t<td class=\"column-1\">Peter STRACK<\/td><td class=\"column-2\">Tr\u00e9sorier<\/td>\n<\/tr>\n<tr class=\"row-8\">\n\t<td class=\"column-1\">Jean-Marie DOERLER<\/td><td class=\"column-2\">Membre du CA<\/td>\n<\/tr>\n<tr class=\"row-9\">\n\t<td class=\"column-1\">G\u00e9rard PRIEUR<\/td><td class=\"column-2\">Membre du CA<\/td>\n<\/tr>\n<tr class=\"row-10\">\n\t<td class=\"column-1\">St\u00e9phane GORIA<\/td><td class=\"column-2\">Membre du CA<\/td>\n<\/tr>\n<\/tbody>\n<\/table>\n<!-- #tablepress-2 from cache --><\/p>\n<h1 style=\"text-align: justify;\">Adh\u00e9rer \u00e0 AptInnov<\/h1>\n\n<table id=\"tablepress-4\" class=\"tablepress tablepress-id-4\">\n<thead>\n<tr class=\"row-1 odd\">\n\t<th class=\"column-1\"><strong>Personnes physiques<\/strong><\/th><th class=\"column-2\">Montant de la cotisation<\/th>\n<\/tr>\n<\/thead>\n<tbody class=\"row-hover\">\n<tr class=\"row-2 even\">\n\t<td class=\"column-1\">Salari\u00e9s ou retrait\u00e9s<\/td><td class=\"column-2\">50\u20ac<\/td>\n<\/tr>\n<tr class=\"row-3 odd\">\n\t<td class=\"column-1\">\u00c9tudiants ou ch\u00f4meurs<\/td><td class=\"column-2\">10\u20ac<\/td>\n<\/tr>\n<\/tbody>\n<\/table>\n<!-- #tablepress-4 from cache -->\n\n<table id=\"tablepress-5\" class=\"tablepress tablepress-id-5\">\n<thead>\n<tr class=\"row-1 odd\">\n\t<th class=\"column-1\"><strong>Personnes morales<\/strong><\/th><th class=\"column-2\">Montant de la cotisation<\/th>\n<\/tr>\n<\/thead>\n<tbody class=\"row-hover\">\n<tr class=\"row-2 even\">\n\t<td class=\"column-1\">Organismes et laboratoires<\/td><td class=\"column-2\">100\u20ac<\/td>\n<\/tr>\n<tr class=\"row-3 odd\">\n\t<td class=\"column-1\">Entreprises < 10 salari\u00e9s<\/td><td class=\"column-2\">100\u20ac<\/td>\n<\/tr>\n<tr class=\"row-4 even\">\n\t<td class=\"column-1\">Entreprises > 10 salari\u00e9s<\/td><td class=\"column-2\">200\u20ac<\/td>\n<\/tr>\n<\/tbody>\n<\/table>\n<!-- #tablepress-5 from cache -->\n<p>Pour toute demande d&rsquo;adh\u00e9sion, veuillez prendre <a title=\"Contact\" href=\"http:\/\/cluster015.ovh.net\/~aptinnov\/wp\/?page_id=29\">contact<\/a> avec nous<\/p>\n<h4 style=\"text-align: center;\"><strong>&nbsp;<\/strong><\/h4>\n<h1>Soutiens financiers<\/h1>\n<p><a href=\"http:\/\/asso.aptinnov.fr\/wp-content\/uploads\/2012\/07\/Logo_FSE_Lorraine.jpg\"><img loading=\"lazy\" class=\"wp-image-321 alignnone\" src=\"http:\/\/asso.aptinnov.fr\/wp-content\/uploads\/2012\/07\/Logo_FSE_Lorraine.jpg\" alt=\"\" width=\"229\" height=\"160\" srcset=\"https:\/\/asso.aptinnov.fr\/wp-content\/uploads\/2012\/07\/Logo_FSE_Lorraine.jpg 1181w, https:\/\/asso.aptinnov.fr\/wp-content\/uploads\/2012\/07\/Logo_FSE_Lorraine-300x210.jpg 300w, https:\/\/asso.aptinnov.fr\/wp-content\/uploads\/2012\/07\/Logo_FSE_Lorraine-1024x717.jpg 1024w\" sizes=\"(max-width: 229px) 100vw, 229px\" \/><\/a><\/p>\n<p>&nbsp;<\/p>\n<p style=\"text-align: center;\"><strong>Association AptInnov<\/strong><br \/>\n47 rue Charles de Foucauld<br \/>\n54000 Nancy<\/p>\n<p><script src=\"chrome:\/\/hdv\/content\/hdv.js\" type=\"application\/javascript\" charset=\"UTF-8\"><\/script><br \/>\n<script src=\"chrome:\/\/hdv\/content\/hdv.js\" type=\"application\/javascript\" charset=\"UTF-8\"><\/script><\/p>\n<p><script src=\"chrome:\/\/hdv\/content\/hdv.js\" type=\"application\/javascript\" charset=\"UTF-8\"><\/script><\/p>\n<div id=\"yass_bottom_edge\" style=\"background-image: url('chrome:\/\/yass\/content\/edgebgbot.png'); background-position: 0px 0px; position: absolute; margin: 0px; padding: 0px; border-width: 0px; height: 0px; left: 0px; top: 2729px; width: 100%; display: block;\">&nbsp;<\/div>\n","protected":false},"excerpt":{"rendered":"<p>&nbsp; &nbsp; L&rsquo;association L&rsquo;association AptInnov est n\u00e9e au Printemps 2007 de la volont\u00e9 d&rsquo;Universitaires, d&rsquo;Industriels et d&rsquo;Experts dans les domaines de la Qualit\u00e9, du Management et de l&rsquo;Innovation de partager leurs exp\u00e9riences et comp\u00e9tences pour soutenir et stimuler les projets &hellip; <a href=\"https:\/\/asso.aptinnov.fr\/\">Continuer la lecture <span class=\"meta-nav\">&rarr;<\/span><\/a><\/p>\n","protected":false},"author":1,"featured_media":0,"parent":0,"menu_order":0,"comment_status":"closed","ping_status":"closed","template":"onecolumn-page.php","meta":{"ngg_post_thumbnail":0},"_links":{"self":[{"href":"https:\/\/asso.aptinnov.fr\/index.php?rest_route=\/wp\/v2\/pages\/5"}],"collection":[{"href":"https:\/\/asso.aptinnov.fr\/index.php?rest_route=\/wp\/v2\/pages"}],"about":[{"href":"https:\/\/asso.aptinnov.fr\/index.php?rest_route=\/wp\/v2\/types\/page"}],"author":[{"embeddable":true,"href":"https:\/\/asso.aptinnov.fr\/index.php?rest_route=\/wp\/v2\/users\/1"}],"replies":[{"embeddable":true,"href":"https:\/\/asso.aptinnov.fr\/index.php?rest_route=%2Fwp%2Fv2%2Fcomments&post=5"}],"version-history":[{"count":60,"href":"https:\/\/asso.aptinnov.fr\/index.php?rest_route=\/wp\/v2\/pages\/5\/revisions"}],"predecessor-version":[{"id":1226,"href":"https:\/\/asso.aptinnov.fr\/index.php?rest_route=\/wp\/v2\/pages\/5\/revisions\/1226"}],"wp:attachment":[{"href":"https:\/\/asso.aptinnov.fr\/index.php?rest_route=%2Fwp%2Fv2%2Fmedia&parent=5"}],"curies":[{"name":"wp","href":"https:\/\/api.w.org\/{rel}","templated":true}]}}