{"id":1172,"date":"2018-05-22T18:36:07","date_gmt":"2018-05-22T16:36:07","guid":{"rendered":"http:\/\/asso.aptinnov.fr\/?page_id=1172"},"modified":"2018-09-14T13:58:12","modified_gmt":"2018-09-14T11:58:12","slug":"cafe-de-linnovation-formation-venez-en-brasser-la-creativite","status":"publish","type":"page","link":"https:\/\/asso.aptinnov.fr\/?page_id=1172","title":{"rendered":"Formation\u00a0:  venez en brasser la cr\u00e9ativit\u00e9 !"},"content":{"rendered":"<p style=\"text-align: center;\"><strong>AptInnov<\/strong> pr\u00e9sente, dans le cadre des <strong>Caf\u00e9s de l\u2019Innovation,&nbsp;<br \/>\n<\/strong>En partenariat avec <a href=\"https:\/\/www.facebook.com\/HoppyRoad\/\"><strong> La Brasserie Hoppy Roa<em>d<\/em><\/strong><\/a><\/p>\n<h2 align=\"center\"><b>\u00ab\u00a0Formation&nbsp;: venez en brasser la cr\u00e9ativit\u00e9 !\u00a0\u00bb<br \/>\n<\/b><i><b>Apprenons \u00e0 cultiver l\u2019innovation&nbsp;!<\/b><\/i><\/h2>\n<p style=\"text-align: center;\"><em>Quels freins et quelles opportunit\u00e9s au d\u00e9veloppement de l&rsquo;esprit cr\u00e9atif dans le syst\u00e8me \u00e9ducatif ? Injonctions et paradoxes de la cr\u00e9ativit\u00e9 en milieu professionnel<\/em><\/p>\n<p align=\"center\"><b>12 juin 2018 | <\/b><b>18h30<\/b><\/p>\n<p align=\"center\"><img loading=\"lazy\" class=\"wp-image-1178 aligncenter\" src=\"http:\/\/asso.aptinnov.fr\/wp-content\/uploads\/2018\/05\/HoppyRoad.png\" alt=\"\" width=\"64\" height=\"126\" srcset=\"https:\/\/asso.aptinnov.fr\/wp-content\/uploads\/2018\/05\/HoppyRoad.png 162w, https:\/\/asso.aptinnov.fr\/wp-content\/uploads\/2018\/05\/HoppyRoad-151x300.png 151w\" sizes=\"(max-width: 64px) 100vw, 64px\" \/><\/p>\n<p align=\"center\"><b>Brasserie Hoppy Road<br \/>\n<\/b>25 Avenue de la Meurthe<br \/>\n54320 Max\u00e9ville<br \/>\n(Parking gratuit)<\/p>\n<p align=\"center\"><a href=\"http:\/\/enquetes.aptinnov.fr\/index.php\/328569\/lang-fr\">Inscription gratuite et recommand\u00e9e<\/a><\/p>\n<h3>Nos invit\u00e9s<\/h3>\n<p align=\"justify\"><strong>Julien P\u00e9cheur<\/strong>, <strong>Lucas Del Biondo<\/strong> et <strong>Charles Sanner<\/strong>, fondateurs d&rsquo;Hoppy Road, nous pr\u00e9senteront leurs parcours, leur projet de brasserie et les besoins permanents de cr\u00e9ativit\u00e9. Ces trois Nanc\u00e9iens \u00e2g\u00e9s de 33 ans, ont cr\u00e9\u00e9 officiellement leur microbrasserie en juin 2016, apportant chacun 30.000 \u20ac en fonds propres dans le projet. La brasserie est entr\u00e9e en production en mai 2017, avec une capacit\u00e9 de 2&nbsp;000 hl par an.<\/p>\n<p align=\"justify\"><strong>Bruno PRACCHIA<\/strong>, fondateur et dirigeant de la soci\u00e9t\u00e9 ENORGA, bureau d\u2019\u00e9tudes sur les \u00e9nergies renouvelables et plus sp\u00e9cifiquement sur la m\u00e9thanisation interviendra sur l\u2019innovation au service du d\u00e9veloppement \u00e9conomique et la relation \u2018CREATIVITE \u2013 CLIENTS\u2019 (la cr\u00e9ativit\u00e9, l\u2019innovation sont-elles des facteurs cl\u00e9s de succ\u00e8s ou sont-elles impos\u00e9es par le march\u00e9 ? comment sont-elles mises en \u0153uvre en entreprises ?). <a href=\"https:\/\/www.linkedin.com\/in\/brunopracchia\/\"><br \/>\nEn savoir plus sur Bruno&#8230;<\/a><\/p>\n<p align=\"justify\"><strong>Pierre MORELLI<\/strong>, Ma\u00eetre de conf\u00e9rences en Sciences de l&rsquo;information et de la Communication \u2013 Universit\u00e9 de Lorraine. Il embrasse la cr\u00e9ativit\u00e9 sous un angle philosophique et sociologique, dans le domaine des arts, de l&rsquo;\u00e9ducation et des technologies de l&rsquo;information et de la communication.<br \/>\n<a href=\"http:\/\/crem.univ-lorraine.fr\/morelli-pierre\">En savoir plus sur Pierre&#8230;<\/a><\/p>\n<p><iframe loading=\"lazy\" src=\"https:\/\/mega.nz\/embed#!5MNDBKRa!Bi0Cplr71OCZiLIKJSl0bVYzLDYWqF0L_DJgHiMIexA\" allowfullscreen=\"allowfullscreen\" width=\"640\" height=\"360\" frameborder=\"0\"><\/iframe><\/p>\n<p><a href=\"http:\/\/asso.aptinnov.fr\/wp-content\/uploads\/2018\/05\/invitationCafe2018_medium.png\"><img class=\"aligncenter wp-image-1200 size-medium\" src=\"http:\/\/asso.aptinnov.fr\/wp-content\/uploads\/2018\/05\/invitationCafe2018_medium-300x211.png\" alt=\"\" width=\"400\" srcset=\"https:\/\/asso.aptinnov.fr\/wp-content\/uploads\/2018\/05\/invitationCafe2018_medium-300x211.png 300w, https:\/\/asso.aptinnov.fr\/wp-content\/uploads\/2018\/05\/invitationCafe2018_medium-768x541.png 768w, https:\/\/asso.aptinnov.fr\/wp-content\/uploads\/2018\/05\/invitationCafe2018_medium-1024x722.png 1024w, https:\/\/asso.aptinnov.fr\/wp-content\/uploads\/2018\/05\/invitationCafe2018_medium.png 1240w\" sizes=\"(max-width: 300px) 100vw, 300px\" \/><\/a><\/p>\n<div align=\"center\"><iframe loading=\"lazy\" style=\"border: 1px solid black;\" src=\"https:\/\/www.openstreetmap.org\/export\/embed.html?bbox=6.173720955848695%2C48.70802589230309%2C6.17908537387848%2C48.71061707651417&amp;layer=mapnik&amp;marker=48.7093215010878%2C6.176403164863586\" marginwidth=\"0\" marginheight=\"0\" scrolling=\"no\" width=\"425\" height=\"350\" frameborder=\"0\"><\/iframe><br \/>\n<small><a href=\"https:\/\/www.openstreetmap.org\/?mlat=48.70932&amp;mlon=6.17640#map=18\/48.70932\/6.17640\">Afficher une carte plus grande<\/a><\/small><\/div>\n<p>&nbsp;<\/p>\n","protected":false},"excerpt":{"rendered":"<p>AptInnov pr\u00e9sente, dans le cadre des Caf\u00e9s de l\u2019Innovation,&nbsp; En partenariat avec La Brasserie Hoppy Road \u00ab\u00a0Formation&nbsp;: venez en brasser la cr\u00e9ativit\u00e9 !\u00a0\u00bb Apprenons \u00e0 cultiver l\u2019innovation&nbsp;! Quels freins et quelles opportunit\u00e9s au d\u00e9veloppement de l&rsquo;esprit cr\u00e9atif dans le syst\u00e8me &hellip; <a href=\"https:\/\/asso.aptinnov.fr\/?page_id=1172\">Continuer la lecture <span class=\"meta-nav\">&rarr;<\/span><\/a><\/p>\n","protected":false},"author":1,"featured_media":0,"parent":7,"menu_order":0,"comment_status":"closed","ping_status":"closed","template":"","meta":{"ngg_post_thumbnail":0},"_links":{"self":[{"href":"https:\/\/asso.aptinnov.fr\/index.php?rest_route=\/wp\/v2\/pages\/1172"}],"collection":[{"href":"https:\/\/asso.aptinnov.fr\/index.php?rest_route=\/wp\/v2\/pages"}],"about":[{"href":"https:\/\/asso.aptinnov.fr\/index.php?rest_route=\/wp\/v2\/types\/page"}],"author":[{"embeddable":true,"href":"https:\/\/asso.aptinnov.fr\/index.php?rest_route=\/wp\/v2\/users\/1"}],"replies":[{"embeddable":true,"href":"https:\/\/asso.aptinnov.fr\/index.php?rest_route=%2Fwp%2Fv2%2Fcomments&post=1172"}],"version-history":[{"count":37,"href":"https:\/\/asso.aptinnov.fr\/index.php?rest_route=\/wp\/v2\/pages\/1172\/revisions"}],"predecessor-version":[{"id":1224,"href":"https:\/\/asso.aptinnov.fr\/index.php?rest_route=\/wp\/v2\/pages\/1172\/revisions\/1224"}],"up":[{"embeddable":true,"href":"https:\/\/asso.aptinnov.fr\/index.php?rest_route=\/wp\/v2\/pages\/7"}],"wp:attachment":[{"href":"https:\/\/asso.aptinnov.fr\/index.php?rest_route=%2Fwp%2Fv2%2Fmedia&parent=1172"}],"curies":[{"name":"wp","href":"https:\/\/api.w.org\/{rel}","templated":true}]}}